{"id":87,"date":"2023-05-19T20:14:21","date_gmt":"2023-05-19T18:14:21","guid":{"rendered":"https:\/\/bamadoucouture.com\/?page_id=87"},"modified":"2023-05-29T22:07:06","modified_gmt":"2023-05-29T20:07:06","slug":"cours-de-couture","status":"publish","type":"page","link":"https:\/\/bamadoucouture.com\/?page_id=87","title":{"rendered":"COURS DE COUTURE"},"content":{"rendered":"<style>\/*! elementor - v3.13.3 - 22-05-2023 *\/\n.elementor-widget-image{text-align:center}.elementor-widget-image a{display:inline-block}.elementor-widget-image a img[src$=\".svg\"]{width:48px}.elementor-widget-image img{vertical-align:middle;display:inline-block}<\/style>\n<p>\t\t\t\t\t\t\t\t\t\t\t\t<img decoding=\"async\" width=\"472\" height=\"268\" src=\"https:\/\/bamadoucouture.com\/wp-content\/uploads\/2023\/05\/cours-couture-duo.webp\" alt=\"\" loading=\"lazy\" srcset=\"https:\/\/bamadoucouture.com\/wp-content\/uploads\/2023\/05\/cours-couture-duo.webp 472w, https:\/\/bamadoucouture.com\/wp-content\/uploads\/2023\/05\/cours-couture-duo-300x170.webp 300w\" sizes=\"auto, 100vw\" \/><br \/>\n\t\t\t\t\t\t\t\t\t\t\t\t\t\t\t<img decoding=\"async\" width=\"525\" height=\"334\" src=\"https:\/\/bamadoucouture.com\/wp-content\/uploads\/2023\/05\/decalquer-patron-couture.png\" alt=\"\" loading=\"lazy\" srcset=\"https:\/\/bamadoucouture.com\/wp-content\/uploads\/2023\/05\/decalquer-patron-couture.png 886w, https:\/\/bamadoucouture.com\/wp-content\/uploads\/2023\/05\/decalquer-patron-couture-300x191.png 300w, https:\/\/bamadoucouture.com\/wp-content\/uploads\/2023\/05\/decalquer-patron-couture-768x488.png 768w\" sizes=\"auto, 100vw\" \/>\t\t\t\t\t\t\t\t\t\t\t\t\t\t\t<\/p>\n<style>\/*! elementor - v3.13.3 - 22-05-2023 *\/\n.elementor-heading-title{padding:0;margin:0;line-height:1}.elementor-widget-heading .elementor-heading-title[class*=elementor-size-]>a{color:inherit;font-size:inherit;line-height:inherit}.elementor-widget-heading .elementor-heading-title.elementor-size-small{font-size:15px}.elementor-widget-heading .elementor-heading-title.elementor-size-medium{font-size:19px}.elementor-widget-heading .elementor-heading-title.elementor-size-large{font-size:29px}.elementor-widget-heading .elementor-heading-title.elementor-size-xl{font-size:39px}.elementor-widget-heading .elementor-heading-title.elementor-size-xxl{font-size:59px}<\/style>\n<h2>COURS DE COUTURE : D\u00c9BUTANT, PERFECTIONNEMENT, ACCOMPAGNEMENT.<\/h2>\n<p>Avec plus de 5 ans de m\u00e9tier dans la couture, <strong>Bamadou<\/strong> se propose de mettre son savoir-faire et son exp\u00e9rience \u00e0 votre service. Concevoir vos propres v\u00eatement, ajuster les v\u00eatements du commerce \u00e0 votre morphologie et \u00e0 vos mesures dans les r\u00e8gles de l\u2019art, ma\u00eetriser des techniques de couture professionnelles ou apprendre \u00e0 faire des retouches complexes, vous trouverez chez <strong>BAMADOU COUTURE<\/strong>\u00a0l\u2019aide dont vous avez besoin pour aller plus loin en couture.<\/p>\n<h2><a href=\"https:\/\/bamadoucouture.com\/?page_id=9\">CONTACT<\/a><\/h2>\n<p>Vous pouvez nous joindre par t\u00e9l\u00e9phone :<br \/><strong>+223 90301309\/ 95454272<\/strong><\/p>\n<p>Ou par courrier \u00e9lectronique : <strong>tangpro18@gmail.com<\/strong><\/p>\n<h2><a href=\"https:\/\/bamadoucouture.com\/?page_id=21\">ADRESSE<\/a><\/h2>\n<p><strong>Bamadou couture se trouve \u00e0 SEGOU, DARSALAM pr\u00e8s du marcher de MEDINE<\/strong><\/p>\n<p>\t\t\t\t\t\t\t\t\t\t\t\t\t\t\t<img decoding=\"async\" width=\"184\" height=\"160\" src=\"https:\/\/bamadoucouture.com\/wp-content\/uploads\/2023\/05\/google-maps-tang-mercerie.png\" alt=\"\" loading=\"lazy\" sizes=\"auto, 100vw\" \/><\/p>\n","protected":false},"excerpt":{"rendered":"<p>COURS DE COUTURE : D\u00c9BUTANT, PERFECTIONNEMENT, ACCOMPAGNEMENT. Avec plus de 5 ans de m\u00e9tier dans la couture, Bamadou se propose de mettre son savoir-faire et son exp\u00e9rience \u00e0 votre service. Concevoir vos propres v\u00eatement, ajuster les v\u00eatements du commerce \u00e0 votre morphologie et \u00e0 vos mesures dans les r\u00e8gles de l\u2019art, ma\u00eetriser des techniques de &hellip; <\/p>\n<p class=\"link-more\"><a href=\"https:\/\/bamadoucouture.com\/?page_id=87\" class=\"more-link\">Continuer la lecture<span class=\"screen-reader-text\"> de &laquo;&nbsp;COURS DE COUTURE&nbsp;&raquo;<\/span><\/a><\/p>\n","protected":false},"author":1,"featured_media":0,"parent":0,"menu_order":0,"comment_status":"closed","ping_status":"closed","template":"","meta":{"footnotes":""},"class_list":["post-87","page","type-page","status-publish","hentry"],"_links":{"self":[{"href":"https:\/\/bamadoucouture.com\/index.php?rest_route=\/wp\/v2\/pages\/87","targetHints":{"allow":["GET"]}}],"collection":[{"href":"https:\/\/bamadoucouture.com\/index.php?rest_route=\/wp\/v2\/pages"}],"about":[{"href":"https:\/\/bamadoucouture.com\/index.php?rest_route=\/wp\/v2\/types\/page"}],"author":[{"embeddable":true,"href":"https:\/\/bamadoucouture.com\/index.php?rest_route=\/wp\/v2\/users\/1"}],"replies":[{"embeddable":true,"href":"https:\/\/bamadoucouture.com\/index.php?rest_route=%2Fwp%2Fv2%2Fcomments&post=87"}],"version-history":[{"count":16,"href":"https:\/\/bamadoucouture.com\/index.php?rest_route=\/wp\/v2\/pages\/87\/revisions"}],"predecessor-version":[{"id":777,"href":"https:\/\/bamadoucouture.com\/index.php?rest_route=\/wp\/v2\/pages\/87\/revisions\/777"}],"wp:attachment":[{"href":"https:\/\/bamadoucouture.com\/index.php?rest_route=%2Fwp%2Fv2%2Fmedia&parent=87"}],"curies":[{"name":"wp","href":"https:\/\/api.w.org\/{rel}","templated":true}]}}