{"id":81,"date":"2023-05-19T20:12:33","date_gmt":"2023-05-19T18:12:33","guid":{"rendered":"https:\/\/bamadoucouture.com\/?page_id=81"},"modified":"2023-07-11T12:45:14","modified_gmt":"2023-07-11T10:45:14","slug":"couture-sur-messure","status":"publish","type":"page","link":"https:\/\/bamadoucouture.com\/?page_id=81","title":{"rendered":"COUTURE SUR-MESSURE"},"content":{"rendered":"<style>\/*! pro-elements - v3.12.3 - 23-04-2023 *\/\n.elementor-slides .swiper-slide-bg{background-size:cover;background-position:50%;background-repeat:no-repeat;min-width:100%;min-height:100%}.elementor-slides .swiper-slide-inner{background-repeat:no-repeat;background-position:50%;position:absolute;top:0;left:0;bottom:0;right:0;padding:50px;margin:auto}.elementor-slides .swiper-slide-inner,.elementor-slides .swiper-slide-inner:hover{color:#fff;display:flex}.elementor-slides .swiper-slide-inner .elementor-background-overlay{position:absolute;z-index:0;top:0;bottom:0;left:0;right:0}.elementor-slides .swiper-slide-inner .elementor-slide-content{position:relative;z-index:1;width:100%}.elementor-slides .swiper-slide-inner .elementor-slide-heading{font-size:35px;font-weight:700;line-height:1}.elementor-slides .swiper-slide-inner .elementor-slide-description{font-size:17px;line-height:1.4}.elementor-slides .swiper-slide-inner .elementor-slide-description:not(:last-child),.elementor-slides .swiper-slide-inner .elementor-slide-heading:not(:last-child){margin-bottom:30px}.elementor-slides .swiper-slide-inner .elementor-slide-button{border:2px solid #fff;color:#fff;background:transparent;display:inline-block}.elementor-slides .swiper-slide-inner .elementor-slide-button,.elementor-slides .swiper-slide-inner .elementor-slide-button:hover{background:transparent;color:inherit;text-decoration:none}.elementor--v-position-top .swiper-slide-inner{align-items:flex-start}.elementor--v-position-bottom .swiper-slide-inner{align-items:flex-end}.elementor--v-position-middle .swiper-slide-inner{align-items:center}.elementor--h-position-left .swiper-slide-inner{justify-content:flex-start}.elementor--h-position-right .swiper-slide-inner{justify-content:flex-end}.elementor--h-position-center .swiper-slide-inner{justify-content:center}body.rtl .elementor-widget-slides .elementor-swiper-button-next{left:10px;right:auto}body.rtl .elementor-widget-slides .elementor-swiper-button-prev{right:10px;left:auto}.elementor-slides-wrapper div:not(.swiper-slide)>.swiper-slide-inner{display:none}@media (max-width:767px){.elementor-slides .swiper-slide-inner{padding:30px}.elementor-slides .swiper-slide-inner .elementor-slide-heading{font-size:23px;line-height:1;margin-bottom:15px}.elementor-slides .swiper-slide-inner .elementor-slide-description{font-size:13px;line-height:1.4;margin-bottom:15px}}<\/style>\n<p>\t\t\t\t\t\t\t\t\t\t<a href=\"https:\/\/bamadoucouture.com\/?page_id=81\">Confection sur-messureConfection de qualit\u00e9 avec des finition soign\u00e9<\/a><a href=\"https:\/\/bamadoucouture.com\/?page_id=81\">Confection sur-mod\u00e8leReproduire tous les mod\u00e8les souhait\u00e9e<\/a><a href=\"https:\/\/bamadoucouture.com\/?page_id=81\">Confection sur-cr\u00e9ationToutes les cr\u00e9ation que vous souhaitez faire<\/a><br \/>\n\t\t\t\t\t\t\t\t\t\t\t\t\t\tPrevious<br \/>\n\t\t\t\t\t\t\t\t\t\t\t\t\t\tNext<\/p>\n<style>\/*! elementor - v3.13.3 - 22-05-2023 *\/\n.elementor-heading-title{padding:0;margin:0;line-height:1}.elementor-widget-heading .elementor-heading-title[class*=elementor-size-]>a{color:inherit;font-size:inherit;line-height:inherit}.elementor-widget-heading .elementor-heading-title.elementor-size-small{font-size:15px}.elementor-widget-heading .elementor-heading-title.elementor-size-medium{font-size:19px}.elementor-widget-heading .elementor-heading-title.elementor-size-large{font-size:29px}.elementor-widget-heading .elementor-heading-title.elementor-size-xl{font-size:39px}.elementor-widget-heading .elementor-heading-title.elementor-size-xxl{font-size:59px}<\/style>\n<h2>COUTURE SUR-MESURE<\/h2>\n<h2>Couture haut de gamme, robe de cocktail, robe de soir\u00e9e, robe de mari\u00e9e<\/h2>\n<p>Vous \u00eates au bon endroit si vous d\u00e9sirez un v\u00eatement unique de qualit\u00e9.<\/p>\n<p>Nous travaillons principalement des tissus nobles de qualit\u00e9s avec une ma\u00eetrise des techniques de couture d&rsquo;une grande finesse avec des finitions tr\u00e8s soign\u00e9es.<\/p>\n<style>\/*! elementor - v3.13.3 - 22-05-2023 *\/\n.elementor-widget-image{text-align:center}.elementor-widget-image a{display:inline-block}.elementor-widget-image a img[src$=\".svg\"]{width:48px}.elementor-widget-image img{vertical-align:middle;display:inline-block}<\/style>\n<p>\t\t\t\t\t\t\t\t\t\t\t\t<img decoding=\"async\" width=\"300\" height=\"200\" src=\"https:\/\/bamadoucouture.com\/wp-content\/uploads\/2023\/05\/6541936-couture-centimetre-centimetre-ruban-tailleur-metre-ruban-a-mesurer-sur-fond-blanc-photo.jpg\" alt=\"\" loading=\"lazy\" sizes=\"auto, 100vw\" \/>\t\t\t\t\t\t\t\t\t\t\t\t\t\t\t<\/p>\n<p><strong>Vous avez une photo ou un croquis ?\u00a0<\/strong>nous r\u00e9alisons le v\u00eatement suivant vos mesures et vos id\u00e9es.<\/p>\n<p>Nous pouvons vous conseiller\u00a0dans le choix des tissus comme\u00a0la dentelle, la soie\u00a0qui sont les mati\u00e8res nobles que nous pr\u00e9f\u00e9rons.<\/p>\n<p>Vous pouvez aussi fournir les tissus et les fournitures. Une couturi\u00e8re de m\u00e9tier\u00a0se chargera de la r\u00e9alisation \u00e0 vos c\u00f4t\u00e9s et vous conseillera dans le choix des tissus.<\/p>\n<p>Nous savons faire aussi les retouches tr\u00e8s technique sur vos v\u00eatements haut-gamme, robes de soir\u00e9e, robe de mari\u00e9e, robe de cocktail. N\u2019h\u00e9sitez pas de faire appel \u00e0 notre service retouche.<\/p>\n<h2><a href=\"https:\/\/bamadoucouture.com\/?page_id=11\">DEMANDE DE DEVIS<\/a><\/h2>\n<style>\/*! elementor - v3.13.3 - 22-05-2023 *\/\n.elementor-widget-divider{--divider-border-style:none;--divider-border-width:1px;--divider-color:#0c0d0e;--divider-icon-size:20px;--divider-element-spacing:10px;--divider-pattern-height:24px;--divider-pattern-size:20px;--divider-pattern-url:none;--divider-pattern-repeat:repeat-x}.elementor-widget-divider .elementor-divider{display:flex}.elementor-widget-divider .elementor-divider__text{font-size:15px;line-height:1;max-width:95%}.elementor-widget-divider .elementor-divider__element{margin:0 var(--divider-element-spacing);flex-shrink:0}.elementor-widget-divider .elementor-icon{font-size:var(--divider-icon-size)}.elementor-widget-divider .elementor-divider-separator{display:flex;margin:0;direction:ltr}.elementor-widget-divider--view-line_icon .elementor-divider-separator,.elementor-widget-divider--view-line_text .elementor-divider-separator{align-items:center}.elementor-widget-divider--view-line_icon .elementor-divider-separator:after,.elementor-widget-divider--view-line_icon .elementor-divider-separator:before,.elementor-widget-divider--view-line_text .elementor-divider-separator:after,.elementor-widget-divider--view-line_text .elementor-divider-separator:before{display:block;content:\"\";border-bottom:0;flex-grow:1;border-top:var(--divider-border-width) var(--divider-border-style) var(--divider-color)}.elementor-widget-divider--element-align-left .elementor-divider .elementor-divider-separator>.elementor-divider__svg:first-of-type{flex-grow:0;flex-shrink:100}.elementor-widget-divider--element-align-left .elementor-divider-separator:before{content:none}.elementor-widget-divider--element-align-left .elementor-divider__element{margin-left:0}.elementor-widget-divider--element-align-right .elementor-divider .elementor-divider-separator>.elementor-divider__svg:last-of-type{flex-grow:0;flex-shrink:100}.elementor-widget-divider--element-align-right .elementor-divider-separator:after{content:none}.elementor-widget-divider--element-align-right .elementor-divider__element{margin-right:0}.elementor-widget-divider:not(.elementor-widget-divider--view-line_text):not(.elementor-widget-divider--view-line_icon) .elementor-divider-separator{border-top:var(--divider-border-width) var(--divider-border-style) var(--divider-color)}.elementor-widget-divider--separator-type-pattern{--divider-border-style:none}.elementor-widget-divider--separator-type-pattern.elementor-widget-divider--view-line .elementor-divider-separator,.elementor-widget-divider--separator-type-pattern:not(.elementor-widget-divider--view-line) .elementor-divider-separator:after,.elementor-widget-divider--separator-type-pattern:not(.elementor-widget-divider--view-line) .elementor-divider-separator:before,.elementor-widget-divider--separator-type-pattern:not([class*=elementor-widget-divider--view]) .elementor-divider-separator{width:100%;min-height:var(--divider-pattern-height);-webkit-mask-size:var(--divider-pattern-size) 100%;mask-size:var(--divider-pattern-size) 100%;-webkit-mask-repeat:var(--divider-pattern-repeat);mask-repeat:var(--divider-pattern-repeat);background-color:var(--divider-color);-webkit-mask-image:var(--divider-pattern-url);mask-image:var(--divider-pattern-url)}.elementor-widget-divider--no-spacing{--divider-pattern-size:auto}.elementor-widget-divider--bg-round{--divider-pattern-repeat:round}.rtl .elementor-widget-divider .elementor-divider__text{direction:rtl}.e-con-inner>.elementor-widget-divider,.e-con>.elementor-widget-divider{width:var(--container-widget-width,100%);--flex-grow:var(--container-widget-flex-grow)}<\/style>\n<h2><a href=\"https:\/\/bamadoucouture.com\/?page_id=9\">CONTACT<\/a><\/h2>\n<p>Vous pouvez nous joindre par t\u00e9l\u00e9phone :<br \/><strong>+223 90301309\/ 95454272<\/strong><\/p>\n<p>Ou par courrier \u00e9lectronique : <strong>tangpro18@gmail.com<\/strong><\/p>\n<h2><a href=\"https:\/\/bamadoucouture.com\/?page_id=9\">ADRESSE<\/a><\/h2>\n<p><strong>Bamadou couture se trouve \u00e0 SEGOU, DARSALAM pr\u00e8s du marcher de MEDINE<\/strong><\/p>\n<p>\t\t\t\t\t\t\t\t\t\t\t\t\t\t\t<img decoding=\"async\" width=\"184\" height=\"160\" src=\"https:\/\/bamadoucouture.com\/wp-content\/uploads\/2023\/05\/google-maps-tang-mercerie.png\" alt=\"\" loading=\"lazy\" sizes=\"auto, 100vw\" \/><\/p>\n","protected":false},"excerpt":{"rendered":"<p>Confection sur-messureConfection de qualit\u00e9 avec des finition soign\u00e9Confection sur-mod\u00e8leReproduire tous les mod\u00e8les souhait\u00e9eConfection sur-cr\u00e9ationToutes les cr\u00e9ation que vous souhaitez faire Previous Next COUTURE SUR-MESURE Couture haut de gamme, robe de cocktail, robe de soir\u00e9e, robe de mari\u00e9e Vous \u00eates au bon endroit si vous d\u00e9sirez un v\u00eatement unique de qualit\u00e9. Nous travaillons principalement des tissus &hellip; <\/p>\n<p class=\"link-more\"><a href=\"https:\/\/bamadoucouture.com\/?page_id=81\" class=\"more-link\">Continuer la lecture<span class=\"screen-reader-text\"> de &laquo;&nbsp;COUTURE SUR-MESSURE&nbsp;&raquo;<\/span><\/a><\/p>\n","protected":false},"author":1,"featured_media":0,"parent":0,"menu_order":0,"comment_status":"closed","ping_status":"closed","template":"","meta":{"footnotes":""},"class_list":["post-81","page","type-page","status-publish","hentry"],"_links":{"self":[{"href":"https:\/\/bamadoucouture.com\/index.php?rest_route=\/wp\/v2\/pages\/81","targetHints":{"allow":["GET"]}}],"collection":[{"href":"https:\/\/bamadoucouture.com\/index.php?rest_route=\/wp\/v2\/pages"}],"about":[{"href":"https:\/\/bamadoucouture.com\/index.php?rest_route=\/wp\/v2\/types\/page"}],"author":[{"embeddable":true,"href":"https:\/\/bamadoucouture.com\/index.php?rest_route=\/wp\/v2\/users\/1"}],"replies":[{"embeddable":true,"href":"https:\/\/bamadoucouture.com\/index.php?rest_route=%2Fwp%2Fv2%2Fcomments&post=81"}],"version-history":[{"count":35,"href":"https:\/\/bamadoucouture.com\/index.php?rest_route=\/wp\/v2\/pages\/81\/revisions"}],"predecessor-version":[{"id":827,"href":"https:\/\/bamadoucouture.com\/index.php?rest_route=\/wp\/v2\/pages\/81\/revisions\/827"}],"wp:attachment":[{"href":"https:\/\/bamadoucouture.com\/index.php?rest_route=%2Fwp%2Fv2%2Fmedia&parent=81"}],"curies":[{"name":"wp","href":"https:\/\/api.w.org\/{rel}","templated":true}]}}