{"id":64,"date":"2023-05-19T19:31:59","date_gmt":"2023-05-19T17:31:59","guid":{"rendered":"https:\/\/bamadoucouture.com\/?page_id=64"},"modified":"2023-10-30T21:06:57","modified_gmt":"2023-10-30T20:06:57","slug":"visite-atelier","status":"publish","type":"page","link":"https:\/\/bamadoucouture.com\/?page_id=64","title":{"rendered":"VISITE ATELIER"},"content":{"rendered":"<style>\/*! elementor - v3.13.3 - 22-05-2023 *\/\n.elementor-heading-title{padding:0;margin:0;line-height:1}.elementor-widget-heading .elementor-heading-title[class*=elementor-size-]>a{color:inherit;font-size:inherit;line-height:inherit}.elementor-widget-heading .elementor-heading-title.elementor-size-small{font-size:15px}.elementor-widget-heading .elementor-heading-title.elementor-size-medium{font-size:19px}.elementor-widget-heading .elementor-heading-title.elementor-size-large{font-size:29px}.elementor-widget-heading .elementor-heading-title.elementor-size-xl{font-size:39px}.elementor-widget-heading .elementor-heading-title.elementor-size-xxl{font-size:59px}<\/style>\n<h2>L&rsquo; ATELIER DE COUTURE<\/h2>\n<p>Bienvenue dans notre atelier de couture S\u00e9govienne \u00e0 Darsalam pr\u00e8s du marcher de Medine.\u00a0\u00a0<\/p>\n<style>\/*! pro-elements - v3.12.3 - 23-04-2023 *\/\n.elementor-slides .swiper-slide-bg{background-size:cover;background-position:50%;background-repeat:no-repeat;min-width:100%;min-height:100%}.elementor-slides .swiper-slide-inner{background-repeat:no-repeat;background-position:50%;position:absolute;top:0;left:0;bottom:0;right:0;padding:50px;margin:auto}.elementor-slides .swiper-slide-inner,.elementor-slides .swiper-slide-inner:hover{color:#fff;display:flex}.elementor-slides .swiper-slide-inner .elementor-background-overlay{position:absolute;z-index:0;top:0;bottom:0;left:0;right:0}.elementor-slides .swiper-slide-inner .elementor-slide-content{position:relative;z-index:1;width:100%}.elementor-slides .swiper-slide-inner .elementor-slide-heading{font-size:35px;font-weight:700;line-height:1}.elementor-slides .swiper-slide-inner .elementor-slide-description{font-size:17px;line-height:1.4}.elementor-slides .swiper-slide-inner .elementor-slide-description:not(:last-child),.elementor-slides .swiper-slide-inner .elementor-slide-heading:not(:last-child){margin-bottom:30px}.elementor-slides .swiper-slide-inner .elementor-slide-button{border:2px solid #fff;color:#fff;background:transparent;display:inline-block}.elementor-slides .swiper-slide-inner .elementor-slide-button,.elementor-slides .swiper-slide-inner .elementor-slide-button:hover{background:transparent;color:inherit;text-decoration:none}.elementor--v-position-top .swiper-slide-inner{align-items:flex-start}.elementor--v-position-bottom .swiper-slide-inner{align-items:flex-end}.elementor--v-position-middle .swiper-slide-inner{align-items:center}.elementor--h-position-left .swiper-slide-inner{justify-content:flex-start}.elementor--h-position-right .swiper-slide-inner{justify-content:flex-end}.elementor--h-position-center .swiper-slide-inner{justify-content:center}body.rtl .elementor-widget-slides .elementor-swiper-button-next{left:10px;right:auto}body.rtl .elementor-widget-slides .elementor-swiper-button-prev{right:10px;left:auto}.elementor-slides-wrapper div:not(.swiper-slide)>.swiper-slide-inner{display:none}@media (max-width:767px){.elementor-slides .swiper-slide-inner{padding:30px}.elementor-slides .swiper-slide-inner .elementor-slide-heading{font-size:23px;line-height:1;margin-bottom:15px}.elementor-slides .swiper-slide-inner .elementor-slide-description{font-size:13px;line-height:1.4;margin-bottom:15px}}<\/style>\n<p>\t\t\t\t\t\t\t\t\t\t\t\t\t\tPrevious<br \/>\n\t\t\t\t\t\t\t\t\t\t\t\t\t\tNext<\/p>\n<style>\/*! pro-elements - v3.12.3 - 23-04-2023 *\/\n.elementor-gallery__container{min-height:1px}.elementor-gallery-item{position:relative;overflow:hidden;display:block;text-decoration:none;border:solid var(--image-border-width) var(--image-border-color);border-radius:var(--image-border-radius)}.elementor-gallery-item__content,.elementor-gallery-item__overlay{height:100%;width:100%;position:absolute;top:0;left:0}.elementor-gallery-item__overlay{mix-blend-mode:var(--overlay-mix-blend-mode);transition-duration:var(--overlay-transition-duration);transition-property:mix-blend-mode,transform,opacity,background-color}.elementor-gallery-item__image.e-gallery-image{transition-duration:var(--image-transition-duration);transition-property:filter,transform}.elementor-gallery-item__content{display:flex;flex-direction:column;justify-content:var(--content-justify-content,center);align-items:center;text-align:var(--content-text-align);padding:var(--content-padding)}.elementor-gallery-item__content>div{transition-duration:var(--content-transition-duration)}.elementor-gallery-item__content.elementor-gallery--sequenced-animation>div:nth-child(2){transition-delay:calc(var(--content-transition-delay) \/ 3)}.elementor-gallery-item__content.elementor-gallery--sequenced-animation>div:nth-child(3){transition-delay:calc(var(--content-transition-delay) \/ 3 * 2)}.elementor-gallery-item__content.elementor-gallery--sequenced-animation>div:nth-child(4){transition-delay:calc(var(--content-transition-delay) \/ 3 * 3)}.elementor-gallery-item__description{color:var(--description-text-color,#fff);width:100%}.elementor-gallery-item__title{color:var(--title-text-color,#fff);font-weight:700;width:100%}.elementor-gallery__titles-container{display:flex;flex-wrap:wrap;justify-content:var(--titles-container-justify-content,center);margin-bottom:20px}.elementor-gallery__titles-container:not(.e--pointer-framed) .elementor-item:after,.elementor-gallery__titles-container:not(.e--pointer-framed) .elementor-item:before{background-color:var(--galleries-pointer-bg-color-hover)}.elementor-gallery__titles-container:not(.e--pointer-framed) .elementor-item.elementor-item-active:after,.elementor-gallery__titles-container:not(.e--pointer-framed) .elementor-item.elementor-item-active:before{background-color:var(--galleries-pointer-bg-color-active)}.elementor-gallery__titles-container.e--pointer-framed .elementor-item:before{border-color:var(--galleries-pointer-bg-color-hover);border-width:var(--galleries-pointer-border-width)}.elementor-gallery__titles-container.e--pointer-framed .elementor-item:after{border-color:var(--galleries-pointer-bg-color-hover)}.elementor-gallery__titles-container.e--pointer-framed .elementor-item.elementor-item-active:after,.elementor-gallery__titles-container.e--pointer-framed .elementor-item.elementor-item-active:before{border-color:var(--galleries-pointer-bg-color-active)}.elementor-gallery__titles-container.e--pointer-framed.e--animation-draw .elementor-item:before{border-left-width:var(--galleries-pointer-border-width);border-bottom-width:var(--galleries-pointer-border-width);border-right-width:0;border-top-width:0}.elementor-gallery__titles-container.e--pointer-framed.e--animation-draw .elementor-item:after{border-left-width:0;border-bottom-width:0;border-right-width:var(--galleries-pointer-border-width);border-top-width:var(--galleries-pointer-border-width)}.elementor-gallery__titles-container.e--pointer-framed.e--animation-corners .elementor-item:before{border-left-width:var(--galleries-pointer-border-width);border-bottom-width:0;border-right-width:0;border-top-width:var(--galleries-pointer-border-width)}.elementor-gallery__titles-container.e--pointer-framed.e--animation-corners .elementor-item:after{border-left-width:0;border-bottom-width:var(--galleries-pointer-border-width);border-right-width:var(--galleries-pointer-border-width);border-top-width:0}.elementor-gallery__titles-container .e--pointer-double-line .elementor-item:after,.elementor-gallery__titles-container .e--pointer-double-line .elementor-item:before,.elementor-gallery__titles-container .e--pointer-overline .elementor-item:before,.elementor-gallery__titles-container .e--pointer-underline .elementor-item:after{height:var(--galleries-pointer-border-width)}.elementor-gallery-title{--space-between:10px;cursor:pointer;color:#6d7882;font-weight:500;position:relative;padding:7px 14px;transition:all .3s}.elementor-gallery-title--active{color:#495157}.elementor-gallery-title:not(:last-child){margin-right:var(--space-between)}.elementor-gallery-item__title+.elementor-gallery-item__description{margin-top:var(--description-margin-top)}.e-gallery-item.elementor-gallery-item{transition-property:all}.e-gallery-item.elementor-animated-content .elementor-animated-item--enter-from-bottom,.e-gallery-item.elementor-animated-content .elementor-animated-item--enter-from-left,.e-gallery-item.elementor-animated-content .elementor-animated-item--enter-from-right,.e-gallery-item.elementor-animated-content .elementor-animated-item--enter-from-top,.e-gallery-item:hover .elementor-gallery__item-overlay-bg,.e-gallery-item:hover .elementor-gallery__item-overlay-content,.e-gallery-item:hover .elementor-gallery__item-overlay-content__description,.e-gallery-item:hover .elementor-gallery__item-overlay-content__title{opacity:1}a.elementor-item.elementor-gallery-title{color:var(--galleries-title-color-normal)}a.elementor-item.elementor-gallery-title.elementor-item-active,a.elementor-item.elementor-gallery-title.highlighted,a.elementor-item.elementor-gallery-title:focus,a.elementor-item.elementor-gallery-title:hover{color:var(--galleries-title-color-hover)}a.elementor-item.elementor-gallery-title.elementor-item-active{color:var(--gallery-title-color-active)}.e-con-inner>.elementor-widget-gallery,.e-con>.elementor-widget-gallery{width:var(--container-widget-width);--flex-grow:var(--container-widget-flex-grow)}<\/style>\n<p>\t\t\t\t\t\t\t<a href=\"https:\/\/bamadoucouture.com\/wp-content\/uploads\/2023\/10\/IMG-20231030-WA0008.jpg\" data-elementor-open-lightbox=\"yes\" data-elementor-lightbox-slideshow=\"all-f227535\" data-elementor-lightbox-title=\"IMG-20231030-WA0008\" data-e-action-hash=\"#elementor-action%3Aaction%3Dlightbox%26settings%3DeyJpZCI6OTQ1LCJ1cmwiOiJodHRwOlwvXC9sb2NhbGhvc3RcL3Rhbmdjb3V0dXJlXC93cC1jb250ZW50XC91cGxvYWRzXC8yMDIzXC8xMFwvSU1HLTIwMjMxMDMwLVdBMDAwOC5qcGciLCJzbGlkZXNob3ciOiJhbGwtZjIyNzUzNSJ9\"><br \/>\n\t\t\t\t\t\t\t\t\t\t\t\t\t\t<\/a><br \/>\n\t\t\t\t\t\t\t<a href=\"https:\/\/bamadoucouture.com\/wp-content\/uploads\/2023\/10\/IMG-20231030-WA0007.jpg\" data-elementor-open-lightbox=\"yes\" data-elementor-lightbox-slideshow=\"all-f227535\" data-elementor-lightbox-title=\"IMG-20231030-WA0007\" data-e-action-hash=\"#elementor-action%3Aaction%3Dlightbox%26settings%3DeyJpZCI6OTQ0LCJ1cmwiOiJodHRwOlwvXC9sb2NhbGhvc3RcL3Rhbmdjb3V0dXJlXC93cC1jb250ZW50XC91cGxvYWRzXC8yMDIzXC8xMFwvSU1HLTIwMjMxMDMwLVdBMDAwNy5qcGciLCJzbGlkZXNob3ciOiJhbGwtZjIyNzUzNSJ9\"><br \/>\n\t\t\t\t\t\t\t\t\t\t\t\t\t\t<\/a><br \/>\n\t\t\t\t\t\t\t<a href=\"https:\/\/bamadoucouture.com\/wp-content\/uploads\/2023\/10\/IMG-20231030-WA0006.jpg\" data-elementor-open-lightbox=\"yes\" data-elementor-lightbox-slideshow=\"all-f227535\" data-elementor-lightbox-title=\"IMG-20231030-WA0006\" data-e-action-hash=\"#elementor-action%3Aaction%3Dlightbox%26settings%3DeyJpZCI6OTQzLCJ1cmwiOiJodHRwOlwvXC9sb2NhbGhvc3RcL3Rhbmdjb3V0dXJlXC93cC1jb250ZW50XC91cGxvYWRzXC8yMDIzXC8xMFwvSU1HLTIwMjMxMDMwLVdBMDAwNi5qcGciLCJzbGlkZXNob3ciOiJhbGwtZjIyNzUzNSJ9\"><br \/>\n\t\t\t\t\t\t\t\t\t\t\t\t\t\t<\/a><br \/>\n\t\t\t\t\t\t\t<a href=\"https:\/\/bamadoucouture.com\/wp-content\/uploads\/2023\/10\/IMG-20231030-WA0005.jpg\" data-elementor-open-lightbox=\"yes\" data-elementor-lightbox-slideshow=\"all-f227535\" data-elementor-lightbox-title=\"IMG-20231030-WA0005\" data-e-action-hash=\"#elementor-action%3Aaction%3Dlightbox%26settings%3DeyJpZCI6OTQyLCJ1cmwiOiJodHRwOlwvXC9sb2NhbGhvc3RcL3Rhbmdjb3V0dXJlXC93cC1jb250ZW50XC91cGxvYWRzXC8yMDIzXC8xMFwvSU1HLTIwMjMxMDMwLVdBMDAwNS5qcGciLCJzbGlkZXNob3ciOiJhbGwtZjIyNzUzNSJ9\"><br \/>\n\t\t\t\t\t\t\t\t\t\t\t\t\t\t<\/a><br \/>\n\t\t\t\t\t\t\t<a href=\"https:\/\/bamadoucouture.com\/wp-content\/uploads\/2023\/10\/IMG-20231030-WA0000.jpg\" data-elementor-open-lightbox=\"yes\" data-elementor-lightbox-slideshow=\"all-f227535\" data-elementor-lightbox-title=\"IMG-20231030-WA0000\" data-e-action-hash=\"#elementor-action%3Aaction%3Dlightbox%26settings%3DeyJpZCI6OTM3LCJ1cmwiOiJodHRwOlwvXC9sb2NhbGhvc3RcL3Rhbmdjb3V0dXJlXC93cC1jb250ZW50XC91cGxvYWRzXC8yMDIzXC8xMFwvSU1HLTIwMjMxMDMwLVdBMDAwMC5qcGciLCJzbGlkZXNob3ciOiJhbGwtZjIyNzUzNSJ9\"><br \/>\n\t\t\t\t\t\t\t\t\t\t\t\t\t\t<\/a><br \/>\n\t\t\t\t\t\t\t<a href=\"https:\/\/bamadoucouture.com\/wp-content\/uploads\/2023\/10\/IMG-20231030-WA0001.jpg\" data-elementor-open-lightbox=\"yes\" data-elementor-lightbox-slideshow=\"all-f227535\" data-elementor-lightbox-title=\"IMG-20231030-WA0001\" data-e-action-hash=\"#elementor-action%3Aaction%3Dlightbox%26settings%3DeyJpZCI6OTM4LCJ1cmwiOiJodHRwOlwvXC9sb2NhbGhvc3RcL3Rhbmdjb3V0dXJlXC93cC1jb250ZW50XC91cGxvYWRzXC8yMDIzXC8xMFwvSU1HLTIwMjMxMDMwLVdBMDAwMS5qcGciLCJzbGlkZXNob3ciOiJhbGwtZjIyNzUzNSJ9\"><br \/>\n\t\t\t\t\t\t\t\t\t\t\t\t\t\t<\/a><br \/>\n\t\t\t\t\t\t\t<a href=\"https:\/\/bamadoucouture.com\/wp-content\/uploads\/2023\/10\/IMG-20231030-WA0003.jpg\" data-elementor-open-lightbox=\"yes\" data-elementor-lightbox-slideshow=\"all-f227535\" data-elementor-lightbox-title=\"IMG-20231030-WA0003\" data-e-action-hash=\"#elementor-action%3Aaction%3Dlightbox%26settings%3DeyJpZCI6OTQwLCJ1cmwiOiJodHRwOlwvXC9sb2NhbGhvc3RcL3Rhbmdjb3V0dXJlXC93cC1jb250ZW50XC91cGxvYWRzXC8yMDIzXC8xMFwvSU1HLTIwMjMxMDMwLVdBMDAwMy5qcGciLCJzbGlkZXNob3ciOiJhbGwtZjIyNzUzNSJ9\"><br \/>\n\t\t\t\t\t\t\t\t\t\t\t\t\t\t<\/a><br \/>\n\t\t\t\t\t\t\t<a href=\"https:\/\/bamadoucouture.com\/wp-content\/uploads\/2023\/10\/IMG-20231030-WA0004.jpg\" data-elementor-open-lightbox=\"yes\" data-elementor-lightbox-slideshow=\"all-f227535\" data-elementor-lightbox-title=\"IMG-20231030-WA0004\" data-e-action-hash=\"#elementor-action%3Aaction%3Dlightbox%26settings%3DeyJpZCI6OTQxLCJ1cmwiOiJodHRwOlwvXC9sb2NhbGhvc3RcL3Rhbmdjb3V0dXJlXC93cC1jb250ZW50XC91cGxvYWRzXC8yMDIzXC8xMFwvSU1HLTIwMjMxMDMwLVdBMDAwNC5qcGciLCJzbGlkZXNob3ciOiJhbGwtZjIyNzUzNSJ9\"><br \/>\n\t\t\t\t\t\t\t\t\t\t\t\t\t\t<\/a><\/p>\n<h2>L&rsquo; ATELIER DE COUTURE<\/h2>\n<h2>Nos machines sont toutes de marques reconnues pour leurs qualit\u00e9s, sp\u00e9cificit\u00e9s et leurs robustesses.<\/h2>\n<h2>Quelques photos de r\u00e9alisations<\/h2>\n<style>\/*! elementor - v3.13.3 - 22-05-2023 *\/\n.elementor-image-gallery .gallery-item{display:inline-block;text-align:center;vertical-align:top;width:100%;max-width:100%;margin:0 auto}.elementor-image-gallery .gallery-item img{margin:0 auto}.elementor-image-gallery .gallery-item .gallery-caption{margin:0}.elementor-image-gallery figure img{display:block}.elementor-image-gallery figure figcaption{width:100%}.gallery-spacing-custom .elementor-image-gallery .gallery-icon{padding:0}@media (min-width:768px){.elementor-image-gallery .gallery-columns-2 .gallery-item{max-width:50%}.elementor-image-gallery .gallery-columns-3 .gallery-item{max-width:33.33%}.elementor-image-gallery .gallery-columns-4 .gallery-item{max-width:25%}.elementor-image-gallery .gallery-columns-5 .gallery-item{max-width:20%}.elementor-image-gallery .gallery-columns-6 .gallery-item{max-width:16.666%}.elementor-image-gallery .gallery-columns-7 .gallery-item{max-width:14.28%}.elementor-image-gallery .gallery-columns-8 .gallery-item{max-width:12.5%}.elementor-image-gallery .gallery-columns-9 .gallery-item{max-width:11.11%}.elementor-image-gallery .gallery-columns-10 .gallery-item{max-width:10%}}@media (min-width:480px) and (max-width:767px){.elementor-image-gallery .gallery.gallery-columns-2 .gallery-item,.elementor-image-gallery .gallery.gallery-columns-3 .gallery-item,.elementor-image-gallery .gallery.gallery-columns-4 .gallery-item,.elementor-image-gallery .gallery.gallery-columns-5 .gallery-item,.elementor-image-gallery .gallery.gallery-columns-6 .gallery-item,.elementor-image-gallery .gallery.gallery-columns-7 .gallery-item,.elementor-image-gallery .gallery.gallery-columns-8 .gallery-item,.elementor-image-gallery .gallery.gallery-columns-9 .gallery-item,.elementor-image-gallery .gallery.gallery-columns-10 .gallery-item{max-width:50%}}@media (max-width:479px){.elementor-image-gallery .gallery.gallery-columns-2 .gallery-item,.elementor-image-gallery .gallery.gallery-columns-3 .gallery-item,.elementor-image-gallery .gallery.gallery-columns-4 .gallery-item,.elementor-image-gallery .gallery.gallery-columns-5 .gallery-item,.elementor-image-gallery .gallery.gallery-columns-6 .gallery-item,.elementor-image-gallery .gallery.gallery-columns-7 .gallery-item,.elementor-image-gallery .gallery.gallery-columns-8 .gallery-item,.elementor-image-gallery .gallery.gallery-columns-9 .gallery-item,.elementor-image-gallery .gallery.gallery-columns-10 .gallery-item{max-width:100%}}<\/style>\n<figure class='gallery-item'>\n\t\t\t\t<a data-elementor-open-lightbox=\"yes\" data-elementor-lightbox-slideshow=\"eed2394\" data-elementor-lightbox-title=\"12\" data-e-action-hash=\"#elementor-action%3Aaction%3Dlightbox%26settings%3DeyJpZCI6NTcxLCJ1cmwiOiJodHRwOlwvXC9sb2NhbGhvc3RcL3Rhbmdjb3V0dXJlXC93cC1jb250ZW50XC91cGxvYWRzXC8yMDIzXC8wNVwvaW1hZ2VzLTExLmpwZyIsInNsaWRlc2hvdyI6ImVlZDIzOTQifQ%3D%3D\" href='https:\/\/bamadoucouture.com\/wp-content\/uploads\/2023\/05\/images-11.jpg'><img width=\"150\" height=\"150\" src=\"https:\/\/bamadoucouture.com\/wp-content\/uploads\/2023\/05\/images-11-150x150.jpg\" alt=\"\" decoding=\"async\" loading=\"lazy\" srcset=\"https:\/\/bamadoucouture.com\/wp-content\/uploads\/2023\/05\/images-11-150x150.jpg 150w, https:\/\/bamadoucouture.com\/wp-content\/uploads\/2023\/05\/images-11-100x100.jpg 100w\" sizes=\"auto, 100vw\" \/><\/a><br \/>\n\t\t\t<\/figure>\n<figure class='gallery-item'>\n\t\t\t\t<a data-elementor-open-lightbox=\"yes\" data-elementor-lightbox-slideshow=\"eed2394\" data-elementor-lightbox-title=\"IMG-20230525-WA0020\" data-e-action-hash=\"#elementor-action%3Aaction%3Dlightbox%26settings%3DeyJpZCI6NTc0LCJ1cmwiOiJodHRwOlwvXC9sb2NhbGhvc3RcL3Rhbmdjb3V0dXJlXC93cC1jb250ZW50XC91cGxvYWRzXC8yMDIzXC8wNVwvSU1HLTIwMjMwNTI1LVdBMDAyMC0xLmpwZyIsInNsaWRlc2hvdyI6ImVlZDIzOTQifQ%3D%3D\" href='https:\/\/bamadoucouture.com\/wp-content\/uploads\/2023\/05\/IMG-20230525-WA0020-1.jpg'><img width=\"150\" height=\"150\" src=\"https:\/\/bamadoucouture.com\/wp-content\/uploads\/2023\/05\/IMG-20230525-WA0020-1-150x150.jpg\" alt=\"\" decoding=\"async\" loading=\"lazy\" srcset=\"https:\/\/bamadoucouture.com\/wp-content\/uploads\/2023\/05\/IMG-20230525-WA0020-1-150x150.jpg 150w, https:\/\/bamadoucouture.com\/wp-content\/uploads\/2023\/05\/IMG-20230525-WA0020-1-100x100.jpg 100w\" sizes=\"auto, 100vw\" \/><\/a><br \/>\n\t\t\t<\/figure>\n<figure class='gallery-item'>\n\t\t\t\t<a data-elementor-open-lightbox=\"yes\" data-elementor-lightbox-slideshow=\"eed2394\" data-elementor-lightbox-title=\"20\" data-e-action-hash=\"#elementor-action%3Aaction%3Dlightbox%26settings%3DeyJpZCI6NTYzLCJ1cmwiOiJodHRwOlwvXC9sb2NhbGhvc3RcL3Rhbmdjb3V0dXJlXC93cC1jb250ZW50XC91cGxvYWRzXC8yMDIzXC8wNVwvaW1hZ2VzLTMuanBnIiwic2xpZGVzaG93IjoiZWVkMjM5NCJ9\" href='https:\/\/bamadoucouture.com\/wp-content\/uploads\/2023\/05\/images-3.jpg'><img width=\"150\" height=\"150\" src=\"https:\/\/bamadoucouture.com\/wp-content\/uploads\/2023\/05\/images-3-150x150.jpg\" alt=\"\" decoding=\"async\" loading=\"lazy\" srcset=\"https:\/\/bamadoucouture.com\/wp-content\/uploads\/2023\/05\/images-3-150x150.jpg 150w, https:\/\/bamadoucouture.com\/wp-content\/uploads\/2023\/05\/images-3-100x100.jpg 100w\" sizes=\"auto, 100vw\" \/><\/a><br \/>\n\t\t\t<\/figure>\n<figure class='gallery-item'>\n\t\t\t\t<a data-elementor-open-lightbox=\"yes\" data-elementor-lightbox-slideshow=\"eed2394\" data-elementor-lightbox-title=\"35\" data-e-action-hash=\"#elementor-action%3Aaction%3Dlightbox%26settings%3DeyJpZCI6NTIxLCJ1cmwiOiJodHRwOlwvXC9sb2NhbGhvc3RcL3Rhbmdjb3V0dXJlXC93cC1jb250ZW50XC91cGxvYWRzXC8yMDIzXC8wNVwvYzMyNjk1MDU5NWRmZDgzNGMzNjBiNjNhOWMwZGI0MzIuanBnIiwic2xpZGVzaG93IjoiZWVkMjM5NCJ9\" href='https:\/\/bamadoucouture.com\/wp-content\/uploads\/2023\/05\/c326950595dfd834c360b63a9c0db432.jpg'><img width=\"150\" height=\"150\" src=\"https:\/\/bamadoucouture.com\/wp-content\/uploads\/2023\/05\/c326950595dfd834c360b63a9c0db432-150x150.jpg\" alt=\"\" decoding=\"async\" loading=\"lazy\" srcset=\"https:\/\/bamadoucouture.com\/wp-content\/uploads\/2023\/05\/c326950595dfd834c360b63a9c0db432-150x150.jpg 150w, https:\/\/bamadoucouture.com\/wp-content\/uploads\/2023\/05\/c326950595dfd834c360b63a9c0db432-100x100.jpg 100w\" sizes=\"auto, 100vw\" \/><\/a><br \/>\n\t\t\t<\/figure>\n<style>\/*! elementor - v3.13.3 - 22-05-2023 *\/\n.elementor-widget-divider{--divider-border-style:none;--divider-border-width:1px;--divider-color:#0c0d0e;--divider-icon-size:20px;--divider-element-spacing:10px;--divider-pattern-height:24px;--divider-pattern-size:20px;--divider-pattern-url:none;--divider-pattern-repeat:repeat-x}.elementor-widget-divider .elementor-divider{display:flex}.elementor-widget-divider .elementor-divider__text{font-size:15px;line-height:1;max-width:95%}.elementor-widget-divider .elementor-divider__element{margin:0 var(--divider-element-spacing);flex-shrink:0}.elementor-widget-divider .elementor-icon{font-size:var(--divider-icon-size)}.elementor-widget-divider .elementor-divider-separator{display:flex;margin:0;direction:ltr}.elementor-widget-divider--view-line_icon .elementor-divider-separator,.elementor-widget-divider--view-line_text .elementor-divider-separator{align-items:center}.elementor-widget-divider--view-line_icon .elementor-divider-separator:after,.elementor-widget-divider--view-line_icon .elementor-divider-separator:before,.elementor-widget-divider--view-line_text .elementor-divider-separator:after,.elementor-widget-divider--view-line_text .elementor-divider-separator:before{display:block;content:\"\";border-bottom:0;flex-grow:1;border-top:var(--divider-border-width) var(--divider-border-style) var(--divider-color)}.elementor-widget-divider--element-align-left .elementor-divider .elementor-divider-separator>.elementor-divider__svg:first-of-type{flex-grow:0;flex-shrink:100}.elementor-widget-divider--element-align-left .elementor-divider-separator:before{content:none}.elementor-widget-divider--element-align-left .elementor-divider__element{margin-left:0}.elementor-widget-divider--element-align-right .elementor-divider .elementor-divider-separator>.elementor-divider__svg:last-of-type{flex-grow:0;flex-shrink:100}.elementor-widget-divider--element-align-right .elementor-divider-separator:after{content:none}.elementor-widget-divider--element-align-right .elementor-divider__element{margin-right:0}.elementor-widget-divider:not(.elementor-widget-divider--view-line_text):not(.elementor-widget-divider--view-line_icon) .elementor-divider-separator{border-top:var(--divider-border-width) var(--divider-border-style) var(--divider-color)}.elementor-widget-divider--separator-type-pattern{--divider-border-style:none}.elementor-widget-divider--separator-type-pattern.elementor-widget-divider--view-line .elementor-divider-separator,.elementor-widget-divider--separator-type-pattern:not(.elementor-widget-divider--view-line) .elementor-divider-separator:after,.elementor-widget-divider--separator-type-pattern:not(.elementor-widget-divider--view-line) .elementor-divider-separator:before,.elementor-widget-divider--separator-type-pattern:not([class*=elementor-widget-divider--view]) .elementor-divider-separator{width:100%;min-height:var(--divider-pattern-height);-webkit-mask-size:var(--divider-pattern-size) 100%;mask-size:var(--divider-pattern-size) 100%;-webkit-mask-repeat:var(--divider-pattern-repeat);mask-repeat:var(--divider-pattern-repeat);background-color:var(--divider-color);-webkit-mask-image:var(--divider-pattern-url);mask-image:var(--divider-pattern-url)}.elementor-widget-divider--no-spacing{--divider-pattern-size:auto}.elementor-widget-divider--bg-round{--divider-pattern-repeat:round}.rtl .elementor-widget-divider .elementor-divider__text{direction:rtl}.e-con-inner>.elementor-widget-divider,.e-con>.elementor-widget-divider{width:var(--container-widget-width,100%);--flex-grow:var(--container-widget-flex-grow)}<\/style>\n<h2><a href=\"https:\/\/bamadoucouture.com\/?page_id=9\">CONTACT<\/a><\/h2>\n<p>Vous pouvez nous joindre par t\u00e9l\u00e9phone :<br \/><strong>+223 90301309\/ 95454272<\/strong><\/p>\n<p>Ou par courrier \u00e9lectronique : <strong>tangpro18@gmail.com<\/strong><\/p>\n<h2><a href=\"https:\/\/bamadoucouture.com\/?page_id=21\">ADRESSE<\/a><\/h2>\n<p><strong>Bamadou couture se trouve \u00e0 SEGOU, DARSALAM pr\u00e8s du marcher de MEDINE<\/strong><\/p>\n<style>\/*! elementor - v3.13.3 - 22-05-2023 *\/\n.elementor-widget-image{text-align:center}.elementor-widget-image a{display:inline-block}.elementor-widget-image a img[src$=\".svg\"]{width:48px}.elementor-widget-image img{vertical-align:middle;display:inline-block}<\/style>\n<p>\t\t\t\t\t\t\t\t\t\t\t\t<img decoding=\"async\" width=\"184\" height=\"160\" src=\"https:\/\/bamadoucouture.com\/wp-content\/uploads\/2023\/05\/google-maps-tang-mercerie.png\" alt=\"\" loading=\"lazy\" sizes=\"auto, 100vw\" \/><\/p>\n","protected":false},"excerpt":{"rendered":"<p>L&rsquo; ATELIER DE COUTURE Bienvenue dans notre atelier de couture S\u00e9govienne \u00e0 Darsalam pr\u00e8s du marcher de Medine.\u00a0\u00a0 Previous Next L&rsquo; ATELIER DE COUTURE Nos machines sont toutes de marques reconnues pour leurs qualit\u00e9s, sp\u00e9cificit\u00e9s et leurs robustesses. Quelques photos de r\u00e9alisations CONTACT Vous pouvez nous joindre par t\u00e9l\u00e9phone :+223 90301309\/ 95454272 Ou par courrier &hellip; <\/p>\n<p class=\"link-more\"><a href=\"https:\/\/bamadoucouture.com\/?page_id=64\" class=\"more-link\">Continuer la lecture<span class=\"screen-reader-text\"> de &laquo;&nbsp;VISITE ATELIER&nbsp;&raquo;<\/span><\/a><\/p>\n","protected":false},"author":1,"featured_media":0,"parent":0,"menu_order":0,"comment_status":"closed","ping_status":"closed","template":"","meta":{"footnotes":""},"class_list":["post-64","page","type-page","status-publish","hentry"],"_links":{"self":[{"href":"https:\/\/bamadoucouture.com\/index.php?rest_route=\/wp\/v2\/pages\/64","targetHints":{"allow":["GET"]}}],"collection":[{"href":"https:\/\/bamadoucouture.com\/index.php?rest_route=\/wp\/v2\/pages"}],"about":[{"href":"https:\/\/bamadoucouture.com\/index.php?rest_route=\/wp\/v2\/types\/page"}],"author":[{"embeddable":true,"href":"https:\/\/bamadoucouture.com\/index.php?rest_route=\/wp\/v2\/users\/1"}],"replies":[{"embeddable":true,"href":"https:\/\/bamadoucouture.com\/index.php?rest_route=%2Fwp%2Fv2%2Fcomments&post=64"}],"version-history":[{"count":19,"href":"https:\/\/bamadoucouture.com\/index.php?rest_route=\/wp\/v2\/pages\/64\/revisions"}],"predecessor-version":[{"id":948,"href":"https:\/\/bamadoucouture.com\/index.php?rest_route=\/wp\/v2\/pages\/64\/revisions\/948"}],"wp:attachment":[{"href":"https:\/\/bamadoucouture.com\/index.php?rest_route=%2Fwp%2Fv2%2Fmedia&parent=64"}],"curies":[{"name":"wp","href":"https:\/\/api.w.org\/{rel}","templated":true}]}}